{"id":267,"date":"2025-10-25T15:28:27","date_gmt":"2025-10-25T13:28:27","guid":{"rendered":"https:\/\/septet-traductologie.fr\/?page_id=267"},"modified":"2025-10-25T15:28:27","modified_gmt":"2025-10-25T13:28:27","slug":"edition-2025","status":"publish","type":"page","link":"https:\/\/septet-traductologie.fr\/index.php\/edition-2025\/","title":{"rendered":"\u00c9dition 2025"},"content":{"rendered":"\n<h4 class=\"wp-block-heading\">Universit\u00e9 d&#8217;\u00e9t\u00e9 2025<\/h4>\n\n\n\n<p class=\"has-text-align-justify has-text-align-justify\">La Soci\u00e9t\u00e9 Fran\u00e7aise de Traductologie (SoFT) et la Soci\u00e9t\u00e9 d&#8217;\u00c9tudes des Pratiques et Th\u00e9ories en Traduction (SEPTET) ont le grand plaisir de vous annoncer le retour de leur\u00a0<strong>universit\u00e9 d\u2019\u00e9t\u00e9<\/strong>.<br>L\u2019universit\u00e9 s&#8217;est d\u00e9roul\u00e9e du\u00a0<strong>7 au 11 juillet 2025<\/strong>\u00a0dans l&#8217;H\u00f4tel de Gu\u00eenes \u00e0 Arras, 50 mn de Paris Gare du nord.<\/p>\n\n\n\n<figure class=\"wp-block-image size-large\"><img loading=\"lazy\" decoding=\"async\" width=\"1024\" height=\"513\" src=\"https:\/\/septet-traductologie.fr\/wp-content\/uploads\/2025\/04\/Screenshot-2025-04-07-220500-1024x513.png\" alt=\"\" class=\"wp-image-162\" srcset=\"https:\/\/septet-traductologie.fr\/wp-content\/uploads\/2025\/04\/Screenshot-2025-04-07-220500-1024x513.png 1024w, https:\/\/septet-traductologie.fr\/wp-content\/uploads\/2025\/04\/Screenshot-2025-04-07-220500-300x150.png 300w, https:\/\/septet-traductologie.fr\/wp-content\/uploads\/2025\/04\/Screenshot-2025-04-07-220500-768x385.png 768w, https:\/\/septet-traductologie.fr\/wp-content\/uploads\/2025\/04\/Screenshot-2025-04-07-220500.png 1343w\" sizes=\"auto, (max-width: 1024px) 100vw, 1024px\" \/><\/figure>\n\n\n\n<h4 class=\"wp-block-heading has-text-align-center\"><strong>La traduction scientifique et technique\u00a0:<\/strong><\/h4>\n\n\n\n<h4 class=\"wp-block-heading has-text-align-center\"><em>quels savoirs et savoir-faire aujourd\u2019hui et demain\u00a0?<\/em><\/h4>\n","protected":false},"excerpt":{"rendered":"<p>Universit\u00e9 d&#8217;\u00e9t\u00e9 2025 La Soci\u00e9t\u00e9 Fran\u00e7aise de Traductologie (SoFT) et la Soci\u00e9t\u00e9 d&#8217;\u00c9tudes des Pratiques et Th\u00e9ories en Traduction (SEPTET) ont le grand plaisir de vous annoncer le retour de leur\u00a0universit\u00e9 d\u2019\u00e9t\u00e9.L\u2019universit\u00e9 s&#8217;est d\u00e9roul\u00e9e du\u00a07 au 11 juillet 2025\u00a0dans l&#8217;H\u00f4tel de Gu\u00eenes \u00e0 Arras, 50 mn de Paris Gare du nord. La traduction scientifique et [&hellip;]<\/p>\n","protected":false},"author":2,"featured_media":0,"parent":0,"menu_order":0,"comment_status":"closed","ping_status":"closed","template":"","meta":{"footnotes":""},"class_list":["post-267","page","type-page","status-publish","hentry"],"_links":{"self":[{"href":"https:\/\/septet-traductologie.fr\/index.php\/wp-json\/wp\/v2\/pages\/267","targetHints":{"allow":["GET"]}}],"collection":[{"href":"https:\/\/septet-traductologie.fr\/index.php\/wp-json\/wp\/v2\/pages"}],"about":[{"href":"https:\/\/septet-traductologie.fr\/index.php\/wp-json\/wp\/v2\/types\/page"}],"author":[{"embeddable":true,"href":"https:\/\/septet-traductologie.fr\/index.php\/wp-json\/wp\/v2\/users\/2"}],"replies":[{"embeddable":true,"href":"https:\/\/septet-traductologie.fr\/index.php\/wp-json\/wp\/v2\/comments?post=267"}],"version-history":[{"count":1,"href":"https:\/\/septet-traductologie.fr\/index.php\/wp-json\/wp\/v2\/pages\/267\/revisions"}],"predecessor-version":[{"id":272,"href":"https:\/\/septet-traductologie.fr\/index.php\/wp-json\/wp\/v2\/pages\/267\/revisions\/272"}],"wp:attachment":[{"href":"https:\/\/septet-traductologie.fr\/index.php\/wp-json\/wp\/v2\/media?parent=267"}],"curies":[{"name":"wp","href":"https:\/\/api.w.org\/{rel}","templated":true}]}}