{"id":5,"date":"2025-03-21T19:33:06","date_gmt":"2025-03-21T18:33:06","guid":{"rendered":"https:\/\/septet-traductologie.fr\/?page_id=5"},"modified":"2025-10-25T19:40:16","modified_gmt":"2025-10-25T17:40:16","slug":"septet","status":"publish","type":"page","link":"https:\/\/septet-traductologie.fr\/index.php\/septet\/","title":{"rendered":"SEPTET"},"content":{"rendered":"\n<h3 class=\"wp-block-heading\"><strong>Soci\u00e9t\u00e9 d&#8217;\u00e9tudes des pratiques et th\u00e9ories en traduction<\/strong><\/h3>\n\n\n\n<h3 class=\"wp-block-heading\">\u00c0 propos de la SEPTET<\/h3>\n\n\n\n<p class=\"has-text-align-justify has-text-align-justify\">Fond\u00e9e le 17 mars 2005, la SEPTET est une soci\u00e9t\u00e9 affili\u00e9e \u00e0 la SAES (Soci\u00e9t\u00e9 des Anglicistes de l&#8217;Enseignement Sup\u00e9rieur) qui rassemble ceux et celles qui s&#8217;int\u00e9ressent aux \u00e9tudes de la traduction (la traductologie) que ce soit dans le domaine th\u00e9orique ou pratique.<\/p>\n\n\n\n<p class=\"has-text-align-justify has-text-align-justify\">Le si\u00e8ge social est domicili\u00e9 \u00e0 l&#8217;Universit\u00e9 de Strasbourg II Marc-Bloch, 22 Rue Ren\u00e9 Descartes 67000 STRASBOURG.<\/p>\n\n\n\n<div class=\"wp-block-columns is-layout-flex wp-container-core-columns-is-layout-28f84493 wp-block-columns-is-layout-flex\">\n<div class=\"wp-block-column is-layout-flow wp-block-column-is-layout-flow\">\n<div class=\"wp-block-group is-nowrap is-layout-flex wp-container-core-group-is-layout-6c531013 wp-block-group-is-layout-flex\">\n<figure class=\"wp-block-image size-large\"><img loading=\"lazy\" decoding=\"async\" width=\"683\" height=\"1024\" src=\"https:\/\/septet-traductologie.fr\/wp-content\/uploads\/2025\/10\/Saint-Jerome-1-683x1024.jpg\" alt=\"J\u00e9r\u00f4me de Stridon, le saint patron des traducteurs\" class=\"wp-image-312\" srcset=\"https:\/\/septet-traductologie.fr\/wp-content\/uploads\/2025\/10\/Saint-Jerome-1-683x1024.jpg 683w, https:\/\/septet-traductologie.fr\/wp-content\/uploads\/2025\/10\/Saint-Jerome-1-200x300.jpg 200w, https:\/\/septet-traductologie.fr\/wp-content\/uploads\/2025\/10\/Saint-Jerome-1-768x1152.jpg 768w, https:\/\/septet-traductologie.fr\/wp-content\/uploads\/2025\/10\/Saint-Jerome-1-1024x1536.jpg 1024w, https:\/\/septet-traductologie.fr\/wp-content\/uploads\/2025\/10\/Saint-Jerome-1-1366x2048.jpg 1366w, https:\/\/septet-traductologie.fr\/wp-content\/uploads\/2025\/10\/Saint-Jerome-1-scaled.jpg 1707w\" sizes=\"auto, (max-width: 683px) 100vw, 683px\" \/><\/figure>\n<\/div>\n\n\n\n<p class=\"has-text-align-center\"><\/p>\n<\/div>\n\n\n\n<div class=\"wp-block-column is-layout-flow wp-block-column-is-layout-flow\">\n<figure class=\"wp-block-image size-large\"><img loading=\"lazy\" decoding=\"async\" width=\"642\" height=\"1024\" src=\"http:\/\/septet-traductologie.fr\/wp-content\/uploads\/2025\/03\/tower-of-babel-5771062_1280-642x1024.png\" alt=\"Tour de Babel\" class=\"wp-image-72\" srcset=\"https:\/\/septet-traductologie.fr\/wp-content\/uploads\/2025\/03\/tower-of-babel-5771062_1280-642x1024.png 642w, https:\/\/septet-traductologie.fr\/wp-content\/uploads\/2025\/03\/tower-of-babel-5771062_1280-188x300.png 188w, https:\/\/septet-traductologie.fr\/wp-content\/uploads\/2025\/03\/tower-of-babel-5771062_1280-768x1224.png 768w, https:\/\/septet-traductologie.fr\/wp-content\/uploads\/2025\/03\/tower-of-babel-5771062_1280.png 803w\" sizes=\"auto, (max-width: 642px) 100vw, 642px\" \/><\/figure>\n\n\n\n<p class=\"has-text-align-justify has-text-align-justify\"><\/p>\n<\/div>\n<\/div>\n\n\n\n<div class=\"wp-block-columns is-layout-flex wp-container-core-columns-is-layout-28f84493 wp-block-columns-is-layout-flex\">\n<div class=\"wp-block-column is-layout-flow wp-block-column-is-layout-flow\" style=\"flex-basis:100%\"><\/div>\n<\/div>\n\n\n\n<p><\/p>\n","protected":false},"excerpt":{"rendered":"<p>Soci\u00e9t\u00e9 d&#8217;\u00e9tudes des pratiques et th\u00e9ories en traduction \u00c0 propos de la SEPTET Fond\u00e9e le 17 mars 2005, la SEPTET est une soci\u00e9t\u00e9 affili\u00e9e \u00e0 la SAES (Soci\u00e9t\u00e9 des Anglicistes de l&#8217;Enseignement Sup\u00e9rieur) qui rassemble ceux et celles qui s&#8217;int\u00e9ressent aux \u00e9tudes de la traduction (la traductologie) que ce soit dans le domaine th\u00e9orique ou [&hellip;]<\/p>\n","protected":false},"author":1,"featured_media":0,"parent":0,"menu_order":0,"comment_status":"closed","ping_status":"closed","template":"","meta":{"footnotes":""},"class_list":["post-5","page","type-page","status-publish","hentry"],"_links":{"self":[{"href":"https:\/\/septet-traductologie.fr\/index.php\/wp-json\/wp\/v2\/pages\/5","targetHints":{"allow":["GET"]}}],"collection":[{"href":"https:\/\/septet-traductologie.fr\/index.php\/wp-json\/wp\/v2\/pages"}],"about":[{"href":"https:\/\/septet-traductologie.fr\/index.php\/wp-json\/wp\/v2\/types\/page"}],"author":[{"embeddable":true,"href":"https:\/\/septet-traductologie.fr\/index.php\/wp-json\/wp\/v2\/users\/1"}],"replies":[{"embeddable":true,"href":"https:\/\/septet-traductologie.fr\/index.php\/wp-json\/wp\/v2\/comments?post=5"}],"version-history":[{"count":17,"href":"https:\/\/septet-traductologie.fr\/index.php\/wp-json\/wp\/v2\/pages\/5\/revisions"}],"predecessor-version":[{"id":317,"href":"https:\/\/septet-traductologie.fr\/index.php\/wp-json\/wp\/v2\/pages\/5\/revisions\/317"}],"wp:attachment":[{"href":"https:\/\/septet-traductologie.fr\/index.php\/wp-json\/wp\/v2\/media?parent=5"}],"curies":[{"name":"wp","href":"https:\/\/api.w.org\/{rel}","templated":true}]}}