{"id":50,"date":"2025-03-22T13:20:50","date_gmt":"2025-03-22T12:20:50","guid":{"rendered":"https:\/\/septet-traductologie.fr\/?page_id=50"},"modified":"2025-12-12T16:43:30","modified_gmt":"2025-12-12T15:43:30","slug":"bureau","status":"publish","type":"page","link":"https:\/\/septet-traductologie.fr\/index.php\/bureau\/","title":{"rendered":"Comit\u00e9 directeur"},"content":{"rendered":"\n<p>Le comit\u00e9 directeur de la SEPTET comporte sept membres :<\/p>\n\n\n\n<p><strong>Fondatrice et Pr\u00e9sidente d&#8217;honneur : <\/strong>Florence LAUTEL-RIBSTEIN, Universit\u00e9 d&#8217;Artois \/ University of Artois<\/p>\n\n\n\n<p><strong>Pr\u00e9sident : <\/strong>Olivier DORLIN,\u00a0CY Cergy Paris Universit\u00e9 \/\u00a0CY Cergy Paris University<\/p>\n\n\n\n<p><strong>Secr\u00e9taire G\u00e9n\u00e9rale&nbsp;:<\/strong> Fr\u00e9d\u00e9rique MARTY-R\u00c9AL,&nbsp;Penn State Erie, The Behrend College, Pennsylvanie<\/p>\n\n\n\n<p><strong>Tr\u00e9sorier :<\/strong> Philippe\u00a0VANDEVELDE<\/p>\n\n\n\n<hr class=\"wp-block-separator has-alpha-channel-opacity\"\/>\n\n\n\n<p><strong>Vice-Pr\u00e9sidente :<\/strong> Annie&nbsp;BRISSET, Soci\u00e9t\u00e9 Royale du Canada&nbsp;et Universit\u00e9 d&#8217;Ottawa \/ Royal Society of Canada and University of Ottawa<\/p>\n\n\n\n<p><strong>Vice-Pr\u00e9sidente :<\/strong> Camille FORT, Universit\u00e9 de Picardie&nbsp;Jules Verne \/ University of Picardie Jules Verne<\/p>\n\n\n\n<p><strong>Vice-Pr\u00e9sident : <\/strong>Yvan KEROMNES, Universit\u00e9 de Lorraine \/ University of Lorraine<\/p>\n\n\n\n<p><\/p>\n","protected":false},"excerpt":{"rendered":"<p>Le comit\u00e9 directeur de la SEPTET comporte sept membres : Fondatrice et Pr\u00e9sidente d&#8217;honneur : Florence LAUTEL-RIBSTEIN, Universit\u00e9 d&#8217;Artois \/ University of Artois Pr\u00e9sident : Olivier DORLIN,\u00a0CY Cergy Paris Universit\u00e9 \/\u00a0CY Cergy Paris University Secr\u00e9taire G\u00e9n\u00e9rale&nbsp;: Fr\u00e9d\u00e9rique MARTY-R\u00c9AL,&nbsp;Penn State Erie, The Behrend College, Pennsylvanie Tr\u00e9sorier : Philippe\u00a0VANDEVELDE Vice-Pr\u00e9sidente : Annie&nbsp;BRISSET, Soci\u00e9t\u00e9 Royale du Canada&nbsp;et Universit\u00e9 [&hellip;]<\/p>\n","protected":false},"author":1,"featured_media":0,"parent":0,"menu_order":0,"comment_status":"closed","ping_status":"closed","template":"","meta":{"footnotes":""},"class_list":["post-50","page","type-page","status-publish","hentry"],"_links":{"self":[{"href":"https:\/\/septet-traductologie.fr\/index.php\/wp-json\/wp\/v2\/pages\/50","targetHints":{"allow":["GET"]}}],"collection":[{"href":"https:\/\/septet-traductologie.fr\/index.php\/wp-json\/wp\/v2\/pages"}],"about":[{"href":"https:\/\/septet-traductologie.fr\/index.php\/wp-json\/wp\/v2\/types\/page"}],"author":[{"embeddable":true,"href":"https:\/\/septet-traductologie.fr\/index.php\/wp-json\/wp\/v2\/users\/1"}],"replies":[{"embeddable":true,"href":"https:\/\/septet-traductologie.fr\/index.php\/wp-json\/wp\/v2\/comments?post=50"}],"version-history":[{"count":4,"href":"https:\/\/septet-traductologie.fr\/index.php\/wp-json\/wp\/v2\/pages\/50\/revisions"}],"predecessor-version":[{"id":332,"href":"https:\/\/septet-traductologie.fr\/index.php\/wp-json\/wp\/v2\/pages\/50\/revisions\/332"}],"wp:attachment":[{"href":"https:\/\/septet-traductologie.fr\/index.php\/wp-json\/wp\/v2\/media?parent=50"}],"curies":[{"name":"wp","href":"https:\/\/api.w.org\/{rel}","templated":true}]}}