{"id":52,"date":"2025-04-06T09:51:59","date_gmt":"2025-04-06T07:51:59","guid":{"rendered":"https:\/\/septet-traductologie.fr\/?page_id=52"},"modified":"2025-10-25T14:06:16","modified_gmt":"2025-10-25T12:06:16","slug":"comites-scientifiques","status":"publish","type":"page","link":"https:\/\/septet-traductologie.fr\/index.php\/comites-scientifiques\/","title":{"rendered":"Comit\u00e9s scientifiques"},"content":{"rendered":"\n<p>La SEPTET comporte deux comit\u00e9s scientifiques :<\/p>\n\n\n\n<p><\/p>\n\n\n\n<h5 class=\"wp-block-heading\"><strong>COMIT\u00c9 SCIENTIFIQUE FRANCE<\/strong><\/h5>\n\n\n\n<p><\/p>\n\n\n\n<p>Yves BONNEFOY (Coll\u00e8ge de France) \u2020<\/p>\n\n\n\n<p>Henri MESCHONNIC (Universit\u00e9 de Paris VIII) \u2020<\/p>\n\n\n\n<p>Jean-Michel D\u00c9PRATS (Universit\u00e9 de Paris -Nanterre)<\/p>\n\n\n\n<p>Nicolas FROELIGER (Universit\u00e9 Paris Cit\u00e9)<\/p>\n\n\n\n<p>Maria-Nadia KARSKY (Universit\u00e9 de Paris 8)<\/p>\n\n\n\n<p>Jean-Ren\u00e9 LADMIRAL (Universit\u00e9 de Paris&nbsp;-Nanterre et ISIT,&nbsp;Paris)<\/p>\n\n\n\n<p>Claire LARSONNEUR (Universit\u00e9 de Paris 8)<\/p>\n\n\n\n<p>Jean-Jacques LECERCLE (Universit\u00e9 de Paris-Nanterre)<\/p>\n\n\n\n<p>Magdalena NOWOTNA (Inalco, Paris)<\/p>\n\n\n\n<p>Richard RYAN (Universit\u00e9 Clermont-Auvergne et ISIT, Paris)<\/p>\n\n\n\n<p>Tiphaine SAMOYAULT (EHESS, Paris)<\/p>\n\n\n\n<p>V\u00e9ronique B\u00c9GHAIN (Universit\u00e9 Bordeaux Montaigne)<\/p>\n\n\n\n<hr class=\"wp-block-separator has-alpha-channel-opacity is-style-wide\"\/>\n\n\n\n<h5 class=\"wp-block-heading\"><strong>COMIT\u00c9 SCIENTIFIQUE \u00c9TRANGER<\/strong><br><\/h5>\n\n\n\n<p>Michael CRONIN (Trinity College, Dublin)<\/p>\n\n\n\n<p>Jean DELISLE (\u00c9cole de Traduction et d&#8217;Interpr\u00e9tation de l&#8217;Universit\u00e9 d&#8217;Ottawa, Canada)<\/p>\n\n\n\n<p>David ELDER (Universit\u00e9 d&#8217;Edith Cowan, Perth,et ITEM\/CNRS,&nbsp;Australie)<\/p>\n\n\n\n<p>Antonio LAVIERI (Universit\u00e9 de Palerme, Italie)<\/p>\n\n\n\n<p>Fr\u00e9d\u00e9rique MARTY-REAL (Penn State Erie, The Behrend College, PA)<\/p>\n","protected":false},"excerpt":{"rendered":"<p>La SEPTET comporte deux comit\u00e9s scientifiques : COMIT\u00c9 SCIENTIFIQUE FRANCE Yves BONNEFOY (Coll\u00e8ge de France) \u2020 Henri MESCHONNIC (Universit\u00e9 de Paris VIII) \u2020 Jean-Michel D\u00c9PRATS (Universit\u00e9 de Paris -Nanterre) Nicolas FROELIGER (Universit\u00e9 Paris Cit\u00e9) Maria-Nadia KARSKY (Universit\u00e9 de Paris 8) Jean-Ren\u00e9 LADMIRAL (Universit\u00e9 de Paris&nbsp;-Nanterre et ISIT,&nbsp;Paris) Claire LARSONNEUR (Universit\u00e9 de Paris 8) Jean-Jacques LECERCLE [&hellip;]<\/p>\n","protected":false},"author":1,"featured_media":0,"parent":0,"menu_order":0,"comment_status":"closed","ping_status":"closed","template":"","meta":{"footnotes":""},"class_list":["post-52","page","type-page","status-publish","hentry"],"_links":{"self":[{"href":"https:\/\/septet-traductologie.fr\/index.php\/wp-json\/wp\/v2\/pages\/52","targetHints":{"allow":["GET"]}}],"collection":[{"href":"https:\/\/septet-traductologie.fr\/index.php\/wp-json\/wp\/v2\/pages"}],"about":[{"href":"https:\/\/septet-traductologie.fr\/index.php\/wp-json\/wp\/v2\/types\/page"}],"author":[{"embeddable":true,"href":"https:\/\/septet-traductologie.fr\/index.php\/wp-json\/wp\/v2\/users\/1"}],"replies":[{"embeddable":true,"href":"https:\/\/septet-traductologie.fr\/index.php\/wp-json\/wp\/v2\/comments?post=52"}],"version-history":[{"count":4,"href":"https:\/\/septet-traductologie.fr\/index.php\/wp-json\/wp\/v2\/pages\/52\/revisions"}],"predecessor-version":[{"id":208,"href":"https:\/\/septet-traductologie.fr\/index.php\/wp-json\/wp\/v2\/pages\/52\/revisions\/208"}],"wp:attachment":[{"href":"https:\/\/septet-traductologie.fr\/index.php\/wp-json\/wp\/v2\/media?parent=52"}],"curies":[{"name":"wp","href":"https:\/\/api.w.org\/{rel}","templated":true}]}}